{"id":1,"date":"2019-09-03T06:45:05","date_gmt":"2019-09-03T06:45:05","guid":{"rendered":"http:\/\/localhost:8020\/webseite_2021\/?p=1"},"modified":"2025-10-16T12:56:10","modified_gmt":"2025-10-16T12:56:10","slug":"home","status":"publish","type":"page","link":"https:\/\/intraplan.digital\/","title":{"rendered":"Home"},"content":{"rendered":"<h1>Digital \u2013 Erfolgreich \u2013 Planen<\/h1>\n<h2>Mit Intraplan Strategien verwirklichen<\/h2>\n<p><a href=\"#produkt\">[arrow-down]<\/a><br \/>\n<img decoding=\"async\" src=\"\/wp-content\/uploads\/2025\/10\/Vorhabenakte-1.jpeg\" alt=\"\"><br \/>\n<img decoding=\"async\" src=\"\/wp-content\/uploads\/2025\/10\/Dashboard-mit-Logo-1.jpeg\" alt=\"\"><\/p>\n<div>\n<h2>Nutzen Sie die erprobten Module f\u00fcr Ihre Planung<\/h2>\n<p>Intraplan<\/p>\n<div>\n<p>Intraplan bietet f\u00fcr jeden Anwendungsfall vorkonfigurierte, erprobte Module, die Sie in der Planung, Kommunikation und Steuerung Ihrer Strategien und Projekte unterst\u00fctzen.<\/p>\n<\/div>\n<\/div>\n<ul>\n<li>\n<h3>Services 1<\/h3>\n<div>\n<ul class=\"uk-list\">\n<li>Regierungsplanung<\/li>\n<li>Ressortplanung<\/li>\n<li>Personalplanung<\/li>\n<li>Pressemodul<\/li>\n<\/ul>\n<\/div>\n<\/li>\n<li>\n<h3>Services 2<\/h3>\n<div>\n<ul class=\"uk-list\">\n<li>Fragewesen<\/li>\n<li>Impact-Analyse<\/li>\n<li>Budgetplanung<\/li>\n<\/ul>\n<\/div>\n<\/li>\n<\/ul>\n<p>\n    <a href=\"\/index.php?page_id=6\">Produkt<\/a>\n<\/p>\n<div>\n<h2>Planung f\u00fcr Politik, Verwaltung und Unternehmen<\/h2>\n<p>Intraplan<\/p>\n<div>\n<p>Mit Intraplan schaffen Sie die richtigen Voraussetzungen f\u00fcr Ihren Erfolg:<\/p>\n<p>Ob Top-down oder Bottom-up \u2013 durch den Einsatz einer digitalen Anwendung erh\u00f6hen Sie die Transparenz und Dynamik in Planungs- und Abstimmungsprozessen und schaffen die Grundlage f\u00fcr eine zeitgem\u00e4\u00dfe strategische Planung und Steuerung.<\/p>\n<\/div>\n<\/div>\n<p>\n    <a href=\"\/index.php?page_id=20\">L\u00f6sungen<\/a>\n<\/p>\n<ul>\n<li>\n<p>        <img decoding=\"async\" src=\"\/wp-content\/uploads\/2025\/10\/Dashboard-mit-Logo_finale-Groese.jpeg\" alt=\"\"><\/p>\n<h3>Intraplan<\/h3>\n<p>Dashboard Widgets<\/p>\n<\/li>\n<li>\n<p>        <img decoding=\"async\" src=\"\/wp-content\/uploads\/2025\/10\/Impact-Analyse-aufgeklappt_final-neue-Groesse.jpeg\" alt=\"\"><\/p>\n<h3>Intraplan<\/h3>\n<p>Impact Analyse<\/p>\n<\/li>\n<li>\n<p>        <img decoding=\"async\" src=\"\/wp-content\/uploads\/2025\/10\/Vorhabenliste-mit-Logo_final-mir-Groesse.jpeg\" alt=\"\"><\/p>\n<h3>Intraplan<\/h3>\n<p>Vorhabenliste<\/p>\n<\/li>\n<li>\n<p>        <img decoding=\"async\" src=\"\/wp-content\/uploads\/2025\/10\/Vorhabenakte-Zeitpla_final-mit-Groesse.jpeg\" alt=\"\"><\/p>\n<h3>Intraplan<\/h3>\n<p>Vorhabenakte | Zeitplan<\/p>\n<\/li>\n<li>\n<p>        <img decoding=\"async\" src=\"\/wp-content\/uploads\/2025\/10\/Kalender_final-mir-Groesse.jpeg\" alt=\"\"><\/p>\n<h3>Intraplan<\/h3>\n<p>Kalender<\/p>\n<\/li>\n<\/ul>\n<h1>Die Dimensionen von Intraplan<\/h1>\n<h4>Planung<\/h4>\n<div>\n<p class=\"lead\">Planen und steuern Sie Ihre Ziele und Projekte zentral auf einer webbasierten Plattform.<\/p>\n<p class=\"lead\">Definieren Sie Zeitpl\u00e4ne, Verantwortlichkeiten, Messgr\u00f6\u00dfen sowie Kennzahlen und beziehen Sie Beteiligte \u00fcber das flexible Rechtemodell in Ihre Planungen ein. Verteilen Sie Aufgaben zur dezentralen Pflege der Planungsdaten Ihrer Projekte.<\/p>\n<\/div>\n<h4>Kommunikation<\/h4>\n<div>\n<p class=\"lead\">Erleichtern Sie den Austausch und die Zusammenarbeit unterschiedlicher Akteure an unterschiedlichen Standorten und Projekten \u00fcber zentral verf\u00fcgbare Informationen. Klar definierte Workflows und Verantwortlichkeiten tragen dazu bei, dass alle Projekte immer zur richtigen Zeit auf dem richtigen Tisch liegen.<\/p>\n<p class=\"lead\">Automatische Benachrichtigungen und Ad hoc-Mitteilungen erinnern Verantwortliche an die Aktualisierung ihrer Projektdaten. Kommentarfunktionen unterst\u00fctzen die Zusammenarbeit.<\/p>\n<\/div>\n<h4>Controlling<\/h4>\n<div>\n<p class=\"lead\">Monitoren und controllen Sie Ihre Projekte mit Hilfe strukturierter und aggregierter \u00dcbersichten und Dashboards mit Fortschrittsanzeigen sowie einem Ampelsystem. \u00dcberschauen Sie Ihre Projektfortschritte und erkennen Sie fr\u00fchzeitig zeitliche oder wirtschaftliche Risiken.<\/p>\n<p class=\"lead\">Schaffen Sie f\u00fcr sich und Ihr Team mit standardisierten Berichtsvorlagen die Sicht auf den aktuellen Planungsstand \u2013 ob im Webbrowser oder als Export in andere Dateiformate.<\/p>\n<\/div>\n<p><!--more--><br \/>\n<!-- {\"name\":\"Home\",\"type\":\"layout\",\"children\":[{\"name\":\"Hero\",\"type\":\"section\",\"props\":{\"class\":\"demo\",\"header_transparent\":\"light\",\"header_transparent_noplaceholder\":true,\"height\":\"full\",\"image\":\"\",\"image_effect\":\"parallax\",\"image_height\":\"1440\",\"image_parallax_bgx\":\"0,-60\",\"image_parallax_easing\":\"1\",\"image_position\":\"center-right\",\"image_size\":\"cover\",\"image_width\":\"2560\",\"media_visibility\":\"s\",\"padding\":\"large\",\"style\":\"secondary\",\"title_breakpoint\":\"xl\",\"title_position\":\"top-left\",\"title_rotation\":\"left\",\"vertical_align\":\"middle\",\"width\":\"large\"},\"children\":[{\"name\":\"\",\"type\":\"row\",\"children\":[{\"name\":\"\",\"type\":\"column\",\"props\":{\"image\":\"wp-content\\\/uploads\\\/yootheme\\\/home-hero-texture.svg\",\"image_effect\":\"parallax\",\"image_parallax_bgy\":\"-10,-90\",\"image_parallax_easing\":\"1\",\"image_position\":\"center-center\",\"media_overlay_gradient\":\"\",\"position_sticky_breakpoint\":\"m\",\"width_medium\":\"1-1\"},\"children\":[{\"name\":\"\",\"type\":\"headline\",\"props\":{\"animation\":\"parallax\",\"content\":\"Digital \\u2013 Erfolgreich \\u2013 Planen\",\"margin\":\"small\",\"maxwidth\":\"large\",\"maxwidth_breakpoint\":\"m\",\"parallax_breakpoint\":\"s\",\"parallax_easing\":\"1\",\"parallax_end\":\"5vh + 5%\",\"parallax_opacity\":\"1,0\",\"text_align\":\"left\",\"text_align_breakpoint\":\"m\",\"text_align_fallback\":\"center\",\"title_decoration\":\"line\",\"title_element\":\"h1\",\"title_style\":\"h6\"}},{\"name\":\"\",\"type\":\"headline\",\"props\":{\"animation\":\"parallax\",\"content\":\"Mit Intraplan Strategien verwirklichen\",\"css\":\".el-element {\\n    margin-left: -4px;\\n}\",\"margin\":\"default\",\"parallax_breakpoint\":\"s\",\"parallax_easing\":0.8,\"parallax_end\":\"5vh + 5%\",\"parallax_opacity\":\"1,0\",\"parallax_y\":\"0,60\",\"text_align\":\"left\",\"text_align_breakpoint\":\"m\",\"text_align_fallback\":\"center\",\"title_element\":\"h2\",\"title_style\":\"heading-large\"}},{\"name\":\"\",\"type\":\"icon\",\"props\":{\"animation\":\"parallax\",\"icon\":\"arrow-down\",\"icon_width\":30,\"link\":\"#produkt\",\"margin\":\"default\",\"parallax_breakpoint\":\"s\",\"parallax_easing\":\"0.3\",\"parallax_opacity\":\"1,0\",\"parallax_target\":\"!.uk-section\",\"parallax_y\":\"0,450\",\"text_align\":\"left\",\"text_align_breakpoint\":\"m\",\"text_align_fallback\":\"center\"}}]}]}]},{\"name\":\"Produkt\",\"type\":\"section\",\"props\":{\"css\":\"@media (max-width: 959px) {\\n    .el-section > div { padding-top: 40px; }\\n}\",\"header_overlay\":\"light\",\"height_viewport\":false,\"id\":\"produkt\",\"image\":\"\",\"image_effect\":\"parallax\",\"image_parallax_bgx\":\"-300,-340\",\"image_parallax_bgy\":\"-190,-190\",\"image_parallax_breakpoint\":\"s\",\"image_parallax_easing\":\"1\",\"image_position\":\"center-center\",\"media\":\"\",\"media_visibility\":\"l\",\"padding\":\"xlarge\",\"padding_remove_bottom\":false,\"padding_remove_top\":false,\"style\":\"default\",\"title_breakpoint\":\"xl\",\"title_position\":\"top-left\",\"title_rotation\":\"left\",\"vertical_align\":\"middle\",\"width\":\"large\"},\"children\":[{\"name\":\"\",\"type\":\"row\",\"props\":{\"column_gap\":\"large\",\"divider\":false,\"layout\":\"1-2,1-2\",\"margin\":\"default\",\"match\":false,\"row_gap\":\"large\",\"vertical_align\":true},\"children\":[{\"name\":\"\",\"type\":\"column\",\"props\":{\"image\":\"wp-content\\\/uploads\\\/yootheme\\\/home-about-texture.svg\",\"image_effect\":\"parallax\",\"image_parallax_bgy\":\"80,180\",\"image_parallax_easing\":\"1\",\"image_position\":\"top-right\",\"media_overlay_gradient\":\"\",\"position_sticky_breakpoint\":\"m\",\"vertical_align\":\"middle\",\"width_medium\":\"1-2\"},\"children\":[{\"name\":\"Mockup - Vorhabenliste\",\"type\":\"image\",\"props\":{\"animation\":\"parallax\",\"css\":\"img {\\n    box-shadow: 0 10px 25px 0 rgb(0 0 0 \\\/ 30%);\\n}\",\"image\":\"wp-content\\\/uploads\\\/2025\\\/10\\\/Vorhabenakte-1.jpeg\",\"image_height\":\"465\",\"image_svg_color\":\"emphasis\",\"image_width\":\"810\",\"margin\":\"default\",\"parallax_breakpoint\":\"s\",\"parallax_easing\":\"1\",\"parallax_end\":\"50vh + 50%\",\"parallax_opacity\":\"0.2,1\",\"parallax_y\":\"60,0\",\"position\":\"relative\",\"position_bottom\":\"-100\",\"position_left\":\"0\",\"text_align\":\"right\",\"text_align_breakpoint\":\"m\",\"text_align_fallback\":\"center\"}},{\"name\":\"Mockup - Vorhabenakte\",\"type\":\"image\",\"props\":{\"animation\":\"parallax\",\"css\":\"img {\\n    box-shadow: 0 10px 25px 0 rgb(0 0 0 \\\/ 30%);\\n}\",\"image\":\"wp-content\\\/uploads\\\/2025\\\/10\\\/Dashboard-mit-Logo-1.jpeg\",\"image_svg_color\":\"emphasis\",\"image_width\":\"500\",\"margin\":\"default\",\"parallax_breakpoint\":\"s\",\"parallax_easing\":\"1\",\"parallax_end\":\"50vh + 50%\",\"parallax_opacity\":\"0.2,1\",\"parallax_y\":\"60,0\",\"position\":\"relative\",\"position_left\":\"70\",\"position_top\":\"-10\",\"text_align\":\"right\",\"text_align_breakpoint\":\"m\",\"text_align_fallback\":\"center\"}}]},{\"name\":\"\",\"type\":\"column\",\"props\":{\"image\":\"\",\"image_position\":\"center-center\",\"media_overlay_gradient\":\"\",\"order_first\":\"m\",\"position_sticky_breakpoint\":\"m\",\"vertical_align\":\"middle\",\"width_medium\":\"1-2\"},\"children\":[{\"name\":\"\",\"type\":\"panel\",\"props\":{\"animation\":\"parallax\",\"content\":\"\n\n<p>Intraplan bietet f\\u00fcr jeden Anwendungsfall vorkonfigurierte, erprobte Module, die Sie in der Planung, Kommunikation und Steuerung Ihrer Strategien und Projekte unterst\\u00fctzen.<\\\/p>\",\"content_column_breakpoint\":\"m\",\"icon_width\":80,\"image_align\":\"top\",\"image_grid_breakpoint\":\"m\",\"image_grid_width\":\"1-2\",\"image_svg_color\":\"emphasis\",\"link\":\"\",\"link_size\":\"large\",\"link_style\":\"text\",\"link_text\":\"\",\"margin\":\"medium\",\"margin_remove_top\":false,\"maxwidth\":\"xlarge\",\"maxwidth_breakpoint\":\"m\",\"meta\":\"Intraplan\",\"meta_align\":\"above-title\",\"meta_element\":\"div\",\"meta_margin\":\"remove\",\"meta_style\":\"text-meta\",\"parallax_easing\":\"1\",\"parallax_end\":\"70vh + 70%\",\"parallax_opacity\":\"0.2,1\",\"parallax_y\":\"20,0\",\"text_align\":\"left\",\"text_align_breakpoint\":\"m\",\"text_align_fallback\":\"center\",\"title\":\"Nutzen Sie die erprobten Module f\\u00fcr Ihre Planung\",\"title_align\":\"top\",\"title_element\":\"h2\",\"title_grid_breakpoint\":\"m\",\"title_grid_width\":\"1-2\",\"title_hover_style\":\"reset\",\"title_style\":\"heading-small\"}},{\"name\":\"\",\"type\":\"grid\",\"props\":{\"animation\":\"parallax\",\"content_column_breakpoint\":\"m\",\"content_style\":\"text-lead\",\"filter_align\":\"left\",\"filter_all\":true,\"filter_grid_breakpoint\":\"m\",\"filter_grid_width\":\"auto\",\"filter_position\":\"top\",\"filter_style\":\"tab\",\"grid_default\":\"1\",\"grid_medium\":\"\",\"grid_small\":\"2\",\"icon_width\":80,\"image_align\":\"top\",\"image_grid_breakpoint\":\"m\",\"image_grid_width\":\"1-2\",\"image_svg_color\":\"emphasis\",\"item_animation\":true,\"link_style\":\"default\",\"link_text\":\"Read more\",\"margin\":\"medium\",\"meta_align\":\"below-title\",\"meta_element\":\"div\",\"meta_style\":\"text-meta\",\"parallax_easing\":\"1\",\"parallax_end\":\"70vh + 70%\",\"parallax_opacity\":\"0.2,1\",\"parallax_y\":\"20,0\",\"show_content\":true,\"show_image\":true,\"show_link\":true,\"show_meta\":true,\"show_title\":false,\"text_align\":\"left\",\"text_align_breakpoint\":\"m\",\"text_align_fallback\":\"center\",\"title_align\":\"top\",\"title_element\":\"h3\",\"title_grid_breakpoint\":\"m\",\"title_grid_width\":\"1-2\",\"title_hover_style\":\"reset\"},\"children\":[{\"name\":\"\",\"type\":\"grid_item\",\"props\":{\"content\":\"\n\n<ul class=\\\"uk-list\\\">\\n\n\n<li>Regierungsplanung<\\\/li>\\n\n\n<li>Ressortplanung<\\\/li>\\n\n\n<li>Personalplanung<\\\/li>\\n\n\n<li>Pressemodul<\\\/li>\\n<\\\/ul>\",\"title\":\"Services 1\"}},{\"name\":\"\",\"type\":\"grid_item\",\"props\":{\"content\":\"\n\n<ul class=\\\"uk-list\\\">\\n\n\n<li>Fragewesen<\\\/li>\\n\n\n<li>Impact-Analyse<\\\/li>\\n\n\n<li>Budgetplanung<\\\/li>\\n<\\\/ul>\",\"title\":\"Services 2\"}}]},{\"name\":\"\",\"type\":\"button\",\"props\":{\"animation\":\"parallax\",\"grid_column_gap\":\"small\",\"grid_row_gap\":\"small\",\"margin\":\"medium\",\"parallax_easing\":0.7,\"parallax_end\":\"70vh + 70%\",\"parallax_opacity\":\"0.2,1\",\"parallax_y\":\"20,0\",\"text_align\":\"left\",\"text_align_breakpoint\":\"m\",\"text_align_fallback\":\"center\"},\"children\":[{\"name\":\"\",\"type\":\"button_item\",\"props\":{\"button_style\":\"default\",\"content\":\"Produkt\",\"icon\":\"chevron-right\",\"icon_align\":\"left\",\"link\":\"index.php?page_id=6\"}}]}]}]}]},{\"name\":\"L\\u00f6sungen\",\"type\":\"section\",\"props\":{\"image\":\"wp-content\\\/uploads\\\/yootheme\\\/home-portfolio-texture.svg\",\"image_effect\":\"parallax\",\"image_parallax_bgx\":\"-200,-140\",\"image_parallax_easing\":\"1\",\"image_position\":\"center-right\",\"padding\":\"xlarge\",\"style\":\"secondary\",\"title_breakpoint\":\"xl\",\"title_position\":\"top-left\",\"title_rotation\":\"left\",\"vertical_align\":\"middle\",\"width\":\"\"},\"children\":[{\"name\":\"\",\"type\":\"row\",\"props\":{\"layout\":\"2-3,1-3\",\"margin\":\"xlarge\",\"vertical_align\":true,\"width\":\"large\"},\"children\":[{\"name\":\"\",\"type\":\"column\",\"props\":{\"image_position\":\"center-center\",\"media_overlay_gradient\":\"\",\"position_sticky_breakpoint\":\"m\",\"vertical_align\":\"middle\",\"width_medium\":\"2-3\"},\"children\":[{\"name\":\"\",\"type\":\"panel\",\"props\":{\"animation\":\"parallax\",\"content\":\"\n\n<p>Mit Intraplan schaffen Sie die richtigen Voraussetzungen f\\u00fcr Ihren Erfolg:<\\\/p>\\n\n\n<p>Ob Top-down oder Bottom-up \\u2013 durch den Einsatz einer digitalen Anwendung erh\\u00f6hen Sie die Transparenz und Dynamik in Planungs- und Abstimmungsprozessen und schaffen die Grundlage f\\u00fcr eine zeitgem\\u00e4\\u00dfe strategische Planung und Steuerung.<\\\/p>\",\"content_column\":\"\",\"content_column_breakpoint\":\"m\",\"icon_width\":80,\"image_align\":\"top\",\"image_grid_breakpoint\":\"m\",\"image_grid_width\":\"1-2\",\"image_svg_color\":\"emphasis\",\"link\":\"\",\"link_size\":\"large\",\"link_style\":\"text\",\"link_text\":\"\",\"margin\":\"remove-vertical\",\"margin_remove_top\":false,\"maxwidth_breakpoint\":\"m\",\"meta\":\"Intraplan\",\"meta_align\":\"above-title\",\"meta_color\":\"emphasis\",\"meta_element\":\"div\",\"meta_margin\":\"remove\",\"meta_style\":\"text-meta\",\"parallax_easing\":\"1\",\"parallax_end\":\"70vh + 70%\",\"parallax_opacity\":\"0.2,1\",\"parallax_y\":\"20,0\",\"text_align\":\"left\",\"text_align_breakpoint\":\"m\",\"text_align_fallback\":\"center\",\"title\":\"Planung f\\u00fcr Politik, Verwaltung und Unternehmen\",\"title_align\":\"top\",\"title_element\":\"h2\",\"title_grid_breakpoint\":\"m\",\"title_grid_width\":\"1-2\",\"title_hover_style\":\"reset\",\"title_style\":\"heading-small\"}}]},{\"name\":\"\",\"type\":\"column\",\"props\":{\"image_position\":\"center-center\",\"media_overlay_gradient\":\"\",\"position_sticky_breakpoint\":\"m\",\"vertical_align\":\"middle\",\"width_medium\":\"1-3\"},\"children\":[{\"name\":\"\",\"type\":\"button\",\"props\":{\"animation\":\"parallax\",\"grid_column_gap\":\"small\",\"grid_row_gap\":\"small\",\"margin\":\"default\",\"parallax_easing\":\"1\",\"parallax_end\":\"70vh + 70%\",\"parallax_opacity\":\"0,1\",\"text_align\":\"right\",\"text_align_breakpoint\":\"m\",\"text_align_fallback\":\"center\"},\"children\":[{\"name\":\"\",\"type\":\"button_item\",\"props\":{\"button_style\":\"default\",\"content\":\"L\\u00f6sungen\",\"icon\":\"chevron-right\",\"icon_align\":\"left\",\"link\":\"index.php?page_id=20\"}}]}]}]},{\"name\":\"\",\"type\":\"row\",\"props\":{\"column_gap\":\"large\",\"margin\":\"large\",\"match\":false,\"row_gap\":\"large\",\"width\":\"large\"},\"children\":[{\"name\":\"\",\"type\":\"column\",\"props\":{\"image_position\":\"center-center\",\"media_overlay_gradient\":\"\",\"position_sticky_breakpoint\":\"m\",\"width_medium\":\"1-1\"},\"children\":[{\"name\":\"\",\"type\":\"overlay-slider\",\"props\":{\"animation\":\"parallax\",\"link_style\":\"default\",\"link_target\":true,\"link_text\":\"\",\"margin\":\"xlarge\",\"meta_align\":\"below-title\",\"meta_element\":\"div\",\"meta_margin\":\"remove\",\"meta_style\":\"\",\"meta_transition\":\"slide-bottom-small\",\"nav\":\"dotnav\",\"nav_align\":\"center\",\"nav_breakpoint\":\"\",\"nav_color\":\"\",\"nav_margin\":\"medium\",\"overlay_hover\":true,\"overlay_link\":true,\"overlay_mode\":\"cover\",\"overlay_position\":\"center\",\"overlay_style\":\"overlay-primary\",\"overlay_transition\":\"fade\",\"overlay_transition_background\":false,\"parallax_easing\":\"1\",\"parallax_end\":\"75vh + 75%\",\"parallax_opacity\":\"0,1\",\"show_content\":true,\"show_hover_image\":true,\"show_link\":true,\"show_meta\":true,\"show_title\":true,\"slidenav\":\"outside\",\"slidenav_breakpoint\":\"s\",\"slidenav_color\":\"\",\"slidenav_hover\":false,\"slidenav_large\":true,\"slidenav_margin\":\"large\",\"slidenav_outside_breakpoint\":\"xl\",\"slider_autoplay_pause\":true,\"slider_center\":false,\"slider_divider\":true,\"slider_finite\":false,\"slider_gap\":\"default\",\"slider_height\":\"\",\"slider_sets\":true,\"slider_width\":\"fixed\",\"slider_width_default\":\"1-1\",\"slider_width_medium\":\"1-3\",\"slider_width_small\":\"1-2\",\"text_align\":\"center\",\"title_element\":\"h3\",\"title_hover_style\":\"reset\",\"title_style\":\"h2\",\"title_transition\":\"slide-top-small\"},\"children\":[{\"name\":\"\",\"type\":\"overlay-slider_item\",\"props\":{\"image\":\"wp-content\\\/uploads\\\/2025\\\/10\\\/Dashboard-mit-Logo_finale-Groese.jpeg\",\"link\":\"\",\"meta\":\"Dashboard Widgets\",\"title\":\"Intraplan\"}},{\"name\":\"\",\"type\":\"overlay-slider_item\",\"props\":{\"image\":\"wp-content\\\/uploads\\\/2025\\\/10\\\/Impact-Analyse-aufgeklappt_final-neue-Groesse.jpeg\",\"link\":\"\",\"meta\":\"Impact Analyse\",\"title\":\"Intraplan\"}},{\"name\":\"\",\"type\":\"overlay-slider_item\",\"props\":{\"image\":\"wp-content\\\/uploads\\\/2025\\\/10\\\/Vorhabenliste-mit-Logo_final-mir-Groesse.jpeg\",\"link\":\"\",\"meta\":\"Vorhabenliste\",\"title\":\"Intraplan\"}},{\"name\":\"\",\"type\":\"overlay-slider_item\",\"props\":{\"image\":\"wp-content\\\/uploads\\\/2025\\\/10\\\/Vorhabenakte-Zeitpla_final-mit-Groesse.jpeg\",\"link\":\"\",\"meta\":\"Vorhabenakte | Zeitplan\",\"title\":\"Intraplan\"}},{\"name\":\"\",\"type\":\"overlay-slider_item\",\"props\":{\"image\":\"wp-content\\\/uploads\\\/2025\\\/10\\\/Kalender_final-mir-Groesse.jpeg\",\"link\":\"\",\"meta\":\"Kalender\",\"title\":\"Intraplan\"}}]}]}]}]},{\"name\":\"Kunden\",\"type\":\"section\",\"props\":{\"image_position\":\"center-center\",\"padding\":\"large\",\"style\":\"default\",\"title_breakpoint\":\"xl\",\"title_position\":\"top-left\",\"title_rotation\":\"left\",\"vertical_align\":\"middle\",\"width\":\"large\"},\"children\":[{\"name\":\"\",\"type\":\"row\",\"props\":{\"margin\":\"default\"},\"children\":[{\"name\":\"\",\"type\":\"column\",\"props\":{\"image_position\":\"center-center\",\"media_overlay_gradient\":\"\",\"padding\":\"xsmall\",\"position_sticky_breakpoint\":\"m\",\"style\":\"default\",\"vertical_align\":\"middle\",\"width_medium\":\"\"},\"children\":[{\"type\":\"headline\",\"props\":{\"content\":\"Die Dimensionen von Intraplan\",\"title_element\":\"h1\"}}]}]},{\"name\":\"\",\"type\":\"row\",\"props\":{\"divider\":false,\"layout\":\"1-3,1-3,1-3\",\"margin\":\"remove-vertical\",\"padding_remove_horizontal\":false},\"children\":[{\"name\":\"\",\"type\":\"column\",\"props\":{\"image_position\":\"center-center\",\"media_overlay_gradient\":\"\",\"position_sticky_breakpoint\":\"m\",\"style\":\"default\",\"width_medium\":\"1-3\"},\"children\":[{\"type\":\"headline\",\"props\":{\"content\":\"Planung\",\"margin_remove_top\":false,\"title_element\":\"h4\",\"title_style\":\"h6\"}},{\"type\":\"text\",\"props\":{\"column_breakpoint\":\"m\",\"content\":\"\n\n<p class=\\\"lead\\\">Planen und steuern Sie Ihre Ziele und Projekte zentral auf einer webbasierten Plattform.<\\\/p>\\n\n\n<p class=\\\"lead\\\">Definieren Sie Zeitpl\\u00e4ne, Verantwortlichkeiten, Messgr\\u00f6\\u00dfen sowie Kennzahlen und beziehen Sie Beteiligte \\u00fcber das flexible Rechtemodell in Ihre Planungen ein. Verteilen Sie Aufgaben zur dezentralen Pflege der Planungsdaten Ihrer Projekte.<\\\/p>\",\"margin\":\"default\",\"text_align\":\"left\"}}]},{\"type\":\"column\",\"props\":{\"image_position\":\"center-center\",\"media_overlay_gradient\":\"\",\"position_sticky_breakpoint\":\"m\",\"style\":\"default\",\"width_medium\":\"1-3\"},\"children\":[{\"type\":\"headline\",\"props\":{\"content\":\"Kommunikation\",\"title_element\":\"h4\",\"title_style\":\"h6\"}},{\"type\":\"text\",\"props\":{\"column_breakpoint\":\"m\",\"content\":\"\n\n<p class=\\\"lead\\\">Erleichtern Sie den Austausch und die Zusammenarbeit unterschiedlicher Akteure an unterschiedlichen Standorten und Projekten \\u00fcber zentral verf\\u00fcgbare Informationen. Klar definierte Workflows und Verantwortlichkeiten tragen dazu bei, dass alle Projekte immer zur richtigen Zeit auf dem richtigen Tisch liegen.<\\\/p>\\n\n\n<p class=\\\"lead\\\">Automatische Benachrichtigungen und Ad hoc-Mitteilungen erinnern Verantwortliche an die Aktualisierung ihrer Projektdaten. Kommentarfunktionen unterst\\u00fctzen die Zusammenarbeit.<\\\/p>\",\"margin\":\"default\",\"text_align\":\"left\"}}]},{\"type\":\"column\",\"props\":{\"image_position\":\"center-center\",\"media_overlay_gradient\":\"\",\"position_sticky_breakpoint\":\"m\",\"style\":\"default\",\"width_medium\":\"1-3\"},\"children\":[{\"type\":\"headline\",\"props\":{\"content\":\"Controlling\",\"title_element\":\"h4\",\"title_style\":\"h6\"}},{\"type\":\"text\",\"props\":{\"column_breakpoint\":\"m\",\"content\":\"\n\n<p class=\\\"lead\\\">Monitoren und controllen Sie Ihre Projekte mit Hilfe strukturierter und aggregierter \\u00dcbersichten und Dashboards mit Fortschrittsanzeigen sowie einem Ampelsystem. \\u00dcberschauen Sie Ihre Projektfortschritte und erkennen Sie fr\\u00fchzeitig zeitliche oder wirtschaftliche Risiken.<\\\/p>\\n\n\n<p class=\\\"lead\\\">Schaffen Sie f\\u00fcr sich und Ihr Team mit standardisierten Berichtsvorlagen die Sicht auf den aktuellen Planungsstand \\u2013 ob im Webbrowser oder als Export in andere Dateiformate.<\\\/p>\",\"margin\":\"default\",\"text_align\":\"left\"}}]}]}]}],\"version\":\"3.0.25\"} --><\/p>\n","protected":false},"excerpt":{"rendered":"<p>Digital \u2013 Erfolgreich \u2013 Planen Mit Intraplan Strategien verwirklichen [arrow-down] Nutzen Sie die erprobten Module f\u00fcr Ihre Planung Intraplan Intraplan bietet f\u00fcr jeden Anwendungsfall vorkonfigurierte, erprobte Module, die Sie in der Planung, Kommunikation und Steuerung Ihrer Strategien und Projekte unterst\u00fctzen. Services 1 Regierungsplanung Ressortplanung Personalplanung Pressemodul Services 2 Fragewesen Impact-Analyse Budgetplanung Produkt Planung f\u00fcr Politik, [&hellip;]<\/p>\n","protected":false},"author":1,"featured_media":0,"parent":0,"menu_order":3,"comment_status":"open","ping_status":"open","template":"","meta":{"_acf_changed":false,"footnotes":""},"class_list":["post-1","page","type-page","status-publish","hentry"],"acf":[],"jetpack_sharing_enabled":true,"_links":{"self":[{"href":"https:\/\/intraplan.digital\/index.php\/wp-json\/wp\/v2\/pages\/1","targetHints":{"allow":["GET"]}}],"collection":[{"href":"https:\/\/intraplan.digital\/index.php\/wp-json\/wp\/v2\/pages"}],"about":[{"href":"https:\/\/intraplan.digital\/index.php\/wp-json\/wp\/v2\/types\/page"}],"author":[{"embeddable":true,"href":"https:\/\/intraplan.digital\/index.php\/wp-json\/wp\/v2\/users\/1"}],"replies":[{"embeddable":true,"href":"https:\/\/intraplan.digital\/index.php\/wp-json\/wp\/v2\/comments?post=1"}],"version-history":[{"count":163,"href":"https:\/\/intraplan.digital\/index.php\/wp-json\/wp\/v2\/pages\/1\/revisions"}],"predecessor-version":[{"id":2174,"href":"https:\/\/intraplan.digital\/index.php\/wp-json\/wp\/v2\/pages\/1\/revisions\/2174"}],"wp:attachment":[{"href":"https:\/\/intraplan.digital\/index.php\/wp-json\/wp\/v2\/media?parent=1"}],"curies":[{"name":"wp","href":"https:\/\/api.w.org\/{rel}","templated":true}]}}