{"id":1540,"date":"2021-03-05T13:23:36","date_gmt":"2021-03-05T13:23:36","guid":{"rendered":"http:\/\/agendo-web1.dev.init\/agendo_wp2021\/?page_id=1540"},"modified":"2024-10-29T09:23:54","modified_gmt":"2024-10-29T09:23:54","slug":"transfer","status":"publish","type":"page","link":"https:\/\/intraplan.digital\/index.php\/transfer\/","title":{"rendered":"Transfer"},"content":{"rendered":"<h1>Der komfortable Kundensupport<\/h1>\n<h2>Transfer<\/h2>\n<div>\n<p>F\u00fcr unsere Kunden bieten wir nicht nur am Telefon oder per E-Mail einen umfassenden Support-Service. Als Bestandskunde erhalten Sie Zugriff auf unsere passwortgesch\u00fctzte Transfer-Plattform, die Ihnen und unserem Team einen unkomplizierten Austausch von Dokumenten zu Ihren Anliegen erm\u00f6glicht. \u00dcber die Transfer-Plattform versorgen wir Sie ebenso mit regelm\u00e4\u00dfigen Updates, die f\u00fcr Ihren hauseigenen Betrieb von Intraplan als Download zur Verf\u00fcgung stehen. Dar\u00fcber hinaus informieren Sie unsere Release Notes alle zwei Wochen \u00fcber aktuelle Features, Verbesserungen und Bug Fixes.<\/p>\n<\/div>\n<p>\n    <a href=\"https:\/\/transfer.agendo.de\/iNG\/app\/intro\">Transfer<\/a>\n<\/p>\n<h1>Was ist Transfer?<\/h1>\n<h1>Transfer-Plattform<\/h1>\n<div>\n<p>F\u00fcr unsere Kunden bieten wir nicht nur am Telefon oder per E-Mail einen umfassenden Support-Service.<\/p>\n<p>Als Bestandskunde erhalten Sie Zugriff auf unsere passwortgesch\u00fctzte Transfer-Plattform, die Ihnen und unserem Team einen unkomplizierten Austausch von Dokumenten zu Ihren Anliegen erm\u00f6glicht.<\/p>\n<p>\u00dcber die Transfer-Plattform versorgen wir Sie ebenso mit regelm\u00e4\u00dfigen Updates, die f\u00fcr Ihren hauseigenen Betrieb von Intraplan als Download zur Verf\u00fcgung stehen. Dar\u00fcber hinaus informieren Sie unsere Release Notes alle zwei Wochen \u00fcber aktuelle Features, Verbesserungen und Bug Fixes.<\/p>\n<\/div>\n<p><!--more--><br \/>\n<!-- {\"type\":\"layout\",\"children\":[{\"type\":\"section\",\"props\":{\"css\":\".tm-toolbar-default .uk-navbar-nav>li>a, .uk-card-primary.uk-card-body .uk-navbar-nav>li>a, .uk-card-primary>:not([class*=uk-card-media]) .uk-navbar-nav>li>a, .uk-card-secondary.uk-card-body .uk-navbar-nav>li>a, .uk-card-secondary>:not([class*=uk-card-media]) .uk-navbar-nav>li>a, .uk-light .uk-navbar-nav>li>a, .uk-overlay-primary .uk-navbar-nav>li>a, .uk-section-primary:not(.uk-preserve-color) .uk-navbar-nav>li>a, .uk-section-secondary:not(.uk-preserve-color) .uk-navbar-nav>li>a, .uk-tile-primary:not(.uk-preserve-color) .uk-navbar-nav>li>a, .uk-tile-secondary:not(.uk-preserve-color) .uk-navbar-nav>li>a {\\n    color: red !important; \\n}\",\"header_transparent\":\"light\",\"header_transparent_noplaceholder\":true,\"height\":\"full\",\"image_position\":\"center-center\",\"padding\":\"xlarge\",\"style\":\"secondary\",\"title_breakpoint\":\"xl\",\"title_position\":\"top-left\",\"title_rotation\":\"left\",\"vertical_align\":\"middle\",\"width\":\"\"},\"children\":[{\"type\":\"row\",\"children\":[{\"type\":\"column\",\"props\":{\"image\":\"wp-content\\\/uploads\\\/yootheme\\\/home-hero-texture.svg\",\"image_position\":\"center-center\",\"media_overlay_gradient\":\"\",\"position_sticky_breakpoint\":\"m\"},\"children\":[{\"type\":\"headline\",\"props\":{\"content\":\"Der komfortable Kundensupport\",\"margin\":\"small\",\"title_decoration\":\"line\",\"title_element\":\"h1\",\"title_style\":\"h6\"}},{\"type\":\"headline\",\"props\":{\"content\":\"Transfer\",\"title_element\":\"h2\",\"title_style\":\"heading-large\"}},{\"type\":\"text\",\"props\":{\"column_breakpoint\":\"m\",\"content\":\"\n\n<p>F\\u00fcr unsere Kunden bieten wir nicht nur am Telefon oder per E-Mail einen umfassenden Support-Service. Als Bestandskunde erhalten Sie Zugriff auf unsere passwortgesch\\u00fctzte Transfer-Plattform, die Ihnen und unserem Team einen unkomplizierten Austausch von Dokumenten zu Ihren Anliegen erm\\u00f6glicht. \\u00dcber die Transfer-Plattform versorgen wir Sie ebenso mit regelm\\u00e4\\u00dfigen Updates, die f\\u00fcr Ihren hauseigenen Betrieb von Intraplan als Download zur Verf\\u00fcgung stehen. Dar\\u00fcber hinaus informieren Sie unsere Release Notes alle zwei Wochen \\u00fcber aktuelle Features, Verbesserungen und Bug Fixes.<\\\/p>\",\"margin\":\"default\"}},{\"type\":\"button\",\"props\":{\"button_size\":\"large\",\"grid_column_gap\":\"large\",\"grid_row_gap\":\"large\",\"margin\":\"large\"},\"children\":[{\"type\":\"button_item\",\"props\":{\"button_style\":\"default\",\"content\":\"Transfer\",\"icon\":\"arrow-right\",\"icon_align\":\"left\",\"link\":\"https:\\\/\\\/transfer.agendo.de\\\/iNG\\\/app\\\/intro\",\"link_target\":\"blank\"}}]}]}],\"props\":{\"column_gap\":\"large\",\"row_gap\":\"large\",\"width\":\"large\"}}],\"name\":\"Hero\"},{\"type\":\"section\",\"props\":{\"header_transparent_noplaceholder\":false,\"image\":\"\",\"image_position\":\"center-center\",\"padding\":\"xlarge\",\"style\":\"default\",\"title_breakpoint\":\"xl\",\"title_position\":\"top-left\",\"title_rotation\":\"left\",\"vertical_align\":\"middle\",\"width\":\"large\"},\"children\":[{\"type\":\"row\",\"props\":{\"column_gap\":\"large\",\"layout\":\"1-3,2-3\",\"margin\":\"xlarge\",\"margin_remove_top\":false,\"row_gap\":\"large\"},\"children\":[{\"type\":\"column\",\"props\":{\"image\":\"\",\"image_position\":\"center-center\",\"media_overlay_gradient\":\"\",\"position_sticky_breakpoint\":\"m\",\"width_medium\":\"1-3\"},\"children\":[{\"type\":\"headline\",\"props\":{\"content\":\"Was ist Transfer?\",\"title_element\":\"h1\"}}]},{\"type\":\"column\",\"props\":{\"image_position\":\"center-center\",\"media_overlay_gradient\":\"\",\"position_sticky_breakpoint\":\"m\",\"width_medium\":\"2-3\"},\"children\":[{\"type\":\"headline\",\"props\":{\"content\":\"Transfer-Plattform\",\"margin\":\"small\",\"title_decoration\":\"line\",\"title_element\":\"h1\",\"title_style\":\"h6\"}},{\"type\":\"text\",\"props\":{\"column_breakpoint\":\"m\",\"content\":\"\n\n<p>F\\u00fcr unsere Kunden bieten wir nicht nur am Telefon oder per E-Mail einen umfassenden Support-Service.<\\\/p>\\n\n\n<p>Als Bestandskunde erhalten Sie Zugriff auf unsere passwortgesch\\u00fctzte Transfer-Plattform, die Ihnen und unserem Team einen unkomplizierten Austausch von Dokumenten zu Ihren Anliegen erm\\u00f6glicht.<\\\/p>\\n\n\n<p>\\u00dcber die Transfer-Plattform versorgen wir Sie ebenso mit regelm\\u00e4\\u00dfigen Updates, die f\\u00fcr Ihren hauseigenen Betrieb von Intraplan als Download zur Verf\\u00fcgung stehen. Dar\\u00fcber hinaus informieren Sie unsere Release Notes alle zwei Wochen \\u00fcber aktuelle Features, Verbesserungen und Bug Fixes.<\\\/p>\",\"margin\":\"default\"}}]}]}],\"name\":\"Was ist Transfer\"}],\"version\":\"3.0.25\"} --><\/p>\n","protected":false},"excerpt":{"rendered":"<p>Der komfortable Kundensupport Transfer F\u00fcr unsere Kunden bieten wir nicht nur am Telefon oder per E-Mail einen umfassenden Support-Service. Als Bestandskunde erhalten Sie Zugriff auf unsere passwortgesch\u00fctzte Transfer-Plattform, die Ihnen und unserem Team einen unkomplizierten Austausch von Dokumenten zu Ihren Anliegen erm\u00f6glicht. \u00dcber die Transfer-Plattform versorgen wir Sie ebenso mit regelm\u00e4\u00dfigen Updates, die f\u00fcr Ihren [&hellip;]<\/p>\n","protected":false},"author":1,"featured_media":0,"parent":0,"menu_order":0,"comment_status":"closed","ping_status":"closed","template":"","meta":{"_acf_changed":false,"footnotes":""},"class_list":["post-1540","page","type-page","status-publish","hentry"],"acf":[],"jetpack_sharing_enabled":true,"_links":{"self":[{"href":"https:\/\/intraplan.digital\/index.php\/wp-json\/wp\/v2\/pages\/1540","targetHints":{"allow":["GET"]}}],"collection":[{"href":"https:\/\/intraplan.digital\/index.php\/wp-json\/wp\/v2\/pages"}],"about":[{"href":"https:\/\/intraplan.digital\/index.php\/wp-json\/wp\/v2\/types\/page"}],"author":[{"embeddable":true,"href":"https:\/\/intraplan.digital\/index.php\/wp-json\/wp\/v2\/users\/1"}],"replies":[{"embeddable":true,"href":"https:\/\/intraplan.digital\/index.php\/wp-json\/wp\/v2\/comments?post=1540"}],"version-history":[{"count":31,"href":"https:\/\/intraplan.digital\/index.php\/wp-json\/wp\/v2\/pages\/1540\/revisions"}],"predecessor-version":[{"id":2068,"href":"https:\/\/intraplan.digital\/index.php\/wp-json\/wp\/v2\/pages\/1540\/revisions\/2068"}],"wp:attachment":[{"href":"https:\/\/intraplan.digital\/index.php\/wp-json\/wp\/v2\/media?parent=1540"}],"curies":[{"name":"wp","href":"https:\/\/api.w.org\/{rel}","templated":true}]}}