{"id":1633,"date":"2021-03-09T18:03:11","date_gmt":"2021-03-09T18:03:11","guid":{"rendered":"http:\/\/agendo-web1.dev.init\/agendo_wp2021\/?page_id=1633"},"modified":"2025-03-03T14:53:19","modified_gmt":"2025-03-03T14:53:19","slug":"impressum","status":"publish","type":"page","link":"https:\/\/intraplan.digital\/index.php\/impressum\/","title":{"rendered":"Impressum"},"content":{"rendered":"<h6>Impressum und Haftungsausschluss<\/h6>\n<h1>Impressum<\/h1>\n<h3>Herausgeber<\/h3>\n<div>\n<p>]init[ Aktiengesellschaft f\u00fcr digitale Kommunikation<br \/>\nK\u00f6penicker Stra\u00dfe 9<br \/>\n10997 Berlin<\/p>\n<p>Fon: +49 30 97006 0<br \/>\nFax: +49 30 97006 135<br \/>\nE-Mail: init@init.de<\/p>\n<p>Medienanfragen: presse@init.de<\/p>\n<\/div>\n<div>\n<div class=\"uk-grid uk-text-left uk-flex-middle\" data-uk-grid-match=\"\" data-uk-margin=\"{cls:'uk-margin-top'}\">\n<div class=\"uk-width-1-1\">\n<div class=\"uk-panel uk-panel-space uk-width-1-1\">\n<h2>Vorstand<\/h2>\n<p class=\"uk-margin\">Harald Felling (Vorsitzender)<br \/>\nJulia L\u00e4kem\u00e4ker<br \/>\nSandra Valentin<br \/>\nDr. Gregor K\u00f6ltzsch<br \/>\nDr. Axel Kaufmann<br \/>\nDr. Eckart Pech\n<\/p>\n<p>Amtsgericht Charlottenburg, Handelsregisternummer: HRB 73218<br \/>\nUmsatzsteuer-Identifikationsnummer: DE 812816783<\/p>\n<h2>Bildnachweis<\/h2>\n<p>Das Urheberrecht f\u00fcr Texte und Bilder liegt, soweit nicht anders vermerkt, bei der ]init[ AG.<\/p>\n<h2>Urheberrecht<\/h2>\n<p>Das Urheberrecht an dieser Webseite und ihren Inhalten steht der ]init[ AG oder demjenigen zu, der der ]init[ AG ein entsprechendes Nutzungsrecht einger\u00e4umt hat. Vervielf\u00e4ltigungen, \u00dcbertragungen oder Verbreitungen jeglichen Inhalts dieser Webseite au\u00dferhalb der engen Grenzen des UrhG sind ohne die ausdr\u00fcckliche Einwilligung der ]init[ AG verboten.<\/p>\n<h2>Haftungsausschluss<\/h2>\n<p>Es wurden alle Anstrengungen unternommen, um die Richtigkeit der auf dieser Webseite enthaltenen Informationen und Links zu gew\u00e4hrleisten. Jedoch ist jegliche Haftung im Zusammenhang mit der Nutzung der Informationen, der Links oder dem Vertrauen auf deren Richtigkeit ausgeschlossen.<\/p>\n<p>Links zu Angeboten Dritter f\u00fchren zu Inhalten der jeweiligen Anbieter. Die ]init[ AG hat keinerlei Einfluss auf die dort bereitgehaltenen Inhalte und macht sich diese durch die Verweise nicht zu eigen.<\/p>\n<h2>Anwendbares Recht<\/h2>\n<p class=\" init-text\">Die rechtlichen Hinweise auf dieser Seite sowie alle Fragen und Streitigkeiten im Zusammenhang mit dieser Webseite unterliegen dem Recht der Bundesrepublik Deutschland.<\/p>\n<p class=\" init-text\">Dieses Impressum gilt auch f\u00fcr folgende Telemedien:<\/p>\n<p class=\" init-text\"><a class=\" init-link--external init-link--secondary init-link\" title=\"]init[ auf Linkedin. Externer Link \u00f6ffnet sich in neuem Fenster.\" href=\"https:\/\/www.linkedin.com\/company\/-init---services-for-the-esociety\" target=\"_blank\" rel=\"nofollow noopener\" data-auto-event-observed=\"true\"><span class=\"init-link__text\">Firmenprofil Linkedin<\/span><\/a><\/p>\n<p class=\" init-text\"><a class=\" init-link--external init-link--secondary init-link\" title=\"]init[ auf Twitter. Externer Link \u00f6ffnet sich in neuem Fenster.\" href=\"https:\/\/twitter.com\/init_ag\" target=\"_blank\" rel=\"nofollow noopener\" data-auto-event-observed=\"true\"><span class=\"init-link__text\">Firmenprofil X<\/span><\/a><\/p>\n<p class=\" init-text\"><a class=\" init-link--external init-link--secondary init-link\" title=\"]init[ auf Instagram. Externer Link \u00f6ffnet sich in neuem Fenster.\" href=\"https:\/\/www.instagram.com\/init_ag\/\" target=\"_blank\" rel=\"nofollow noopener\" data-auto-event-observed=\"true\"><span class=\"init-link__text\">Firmenprofil Instagram<\/span><\/a><\/p>\n<p class=\" init-text\"><a class=\" init-link--external init-link--secondary init-link\" title=\"]init[ auf Xing. Externer Link \u00f6ffnet sich in neuem Fenster.\" href=\"https:\/\/www.xing.com\/companies\/%5Dinit%5Bagf%C3%BCrdigitalekommunikation?sc_o=da980_e\" target=\"_blank\" rel=\"nofollow noopener\" data-auto-event-observed=\"true\"><span class=\"init-link__text\">Firmenprofil Xing<\/span><\/a><\/p>\n<\/div>\n<\/div>\n<\/div>\n<\/div>\n<p><!--more--><\/p>\n","protected":false},"excerpt":{"rendered":"<p>Impressum und Haftungsausschluss Impressum Herausgeber ]init[ Aktiengesellschaft f\u00fcr digitale Kommunikation K\u00f6penicker Stra\u00dfe 9 10997 Berlin Fon: +49 30 97006 0 Fax: +49 30 97006 135 E-Mail: init@init.de Medienanfragen: presse@init.de Vorstand Harald Felling (Vorsitzender) Julia L\u00e4kem\u00e4ker Sandra Valentin Dr. Gregor K\u00f6ltzsch Dr. Axel Kaufmann Dr. Eckart Pech Amtsgericht Charlottenburg, Handelsregisternummer: HRB 73218 Umsatzsteuer-Identifikationsnummer: DE 812816783 Bildnachweis [&hellip;]<\/p>\n","protected":false},"author":1,"featured_media":0,"parent":0,"menu_order":0,"comment_status":"closed","ping_status":"closed","template":"","meta":{"_acf_changed":false,"footnotes":""},"class_list":["post-1633","page","type-page","status-publish","hentry"],"acf":[],"jetpack_sharing_enabled":true,"_links":{"self":[{"href":"https:\/\/intraplan.digital\/index.php\/wp-json\/wp\/v2\/pages\/1633","targetHints":{"allow":["GET"]}}],"collection":[{"href":"https:\/\/intraplan.digital\/index.php\/wp-json\/wp\/v2\/pages"}],"about":[{"href":"https:\/\/intraplan.digital\/index.php\/wp-json\/wp\/v2\/types\/page"}],"author":[{"embeddable":true,"href":"https:\/\/intraplan.digital\/index.php\/wp-json\/wp\/v2\/users\/1"}],"replies":[{"embeddable":true,"href":"https:\/\/intraplan.digital\/index.php\/wp-json\/wp\/v2\/comments?post=1633"}],"version-history":[{"count":19,"href":"https:\/\/intraplan.digital\/index.php\/wp-json\/wp\/v2\/pages\/1633\/revisions"}],"predecessor-version":[{"id":2098,"href":"https:\/\/intraplan.digital\/index.php\/wp-json\/wp\/v2\/pages\/1633\/revisions\/2098"}],"wp:attachment":[{"href":"https:\/\/intraplan.digital\/index.php\/wp-json\/wp\/v2\/media?parent=1633"}],"curies":[{"name":"wp","href":"https:\/\/api.w.org\/{rel}","templated":true}]}}