{"id":19,"date":"2019-09-03T06:45:05","date_gmt":"2019-09-03T06:45:05","guid":{"rendered":"http:\/\/localhost:8020\/webseite_2021\/?p=19"},"modified":"2025-10-01T11:57:28","modified_gmt":"2025-10-01T11:57:28","slug":"ueber-uns","status":"publish","type":"page","link":"https:\/\/intraplan.digital\/index.php\/ueber-uns\/","title":{"rendered":"\u00dcber uns"},"content":{"rendered":"<h1>\u00dcber uns und Kontaktaufnahme<\/h1>\n<h2>Das Team<\/h2>\n<p><a href=\"#team\">[arrow-down]<\/a><\/p>\n<h2><a href=\"\/index.php?page_id=19\">Unsere Leistungen<\/a><\/h2>\n<ul>\n<li>\n<h3>Beratung<\/h3>\n<div>\n<p>Berater mit \u00fcber 15 Jahren Erfahrung in der strategischen und politischen Planung unterst\u00fctzen Sie dabei, die Akzeptanz Ihrer Strategie- und Ma\u00dfnahmenplanung in Ihrer Organisation zu steigern.<\/p>\n<\/div>\n<\/li>\n<li>\n<h3>Konfiguration<\/h3>\n<div>\n<p>W\u00e4hrend des gesamten Prozesses der Konfiguration und Implementierung von Intraplan begleiten wir Sie mit unserem umfangreichen fachlichen und technischen Wissen.<\/p>\n<\/div>\n<\/li>\n<li>\n<h3>Funktionsanpassung<\/h3>\n<div>In enger Abstimmung erfolgt die Fachkonzeption Ihrer Intraplan-Anwendung, basierend auf den funktionalen Anforderungen Ihrer Organisation.<\/div>\n<\/li>\n<li>\n<h3>Designanpassung<\/h3>\n<div>Basierend auf den designtechnischen Anforderungen Ihrer Organisation erfolgt die Anpassung Ihres Designs, zum Beispiel entsprechend Ihres Corporate Designs.<\/div>\n<\/li>\n<li>\n<h3>Support<\/h3>\n<div>Als Intraplan-Kunde profitieren Sie von regelm\u00e4\u00dfigen Updates und Upgrades sowie Sicherheitspatches.<\/div>\n<\/li>\n<li>\n<h3>Hosting<\/h3>\n<div>\n<p><span>]init[<\/span> bietet Ihnen f\u00fcr das Hosting Ihrer Intraplan-Anwendung den Betrieb im BSI-zertifizierten Rechenzentrum an.<\/p>\n<\/div>\n<\/li>\n<\/ul>\n<h2><a href=\"\/index.php?page_id=19\">Das Team<\/a><\/h2>\n<h3><a href=\"\/index.php?page_id=19\"><span class=\"ui-provider a b c d e f g h i j k l m n o p q r s t u v w x y z ab ac ae af ag ah ai aj ak\" dir=\"ltr\">Ein starkes Team f\u00fcr politische Planung<\/span><\/a><\/h3>\n<div>\n<p><span class=\"ui-provider a b c d e f g h i j k l m n o p q r s t u v w x y z ab ac ae af ag ah ai aj ak\" dir=\"ltr\">Das interdisziplin\u00e4re Team treibt die politische und strategische Planung in Institutionen und Organisationen mit der spezialisierten Software Intraplan voran.<\/span><\/p>\n<p><span class=\"ui-provider a b c d e f g h i j k l m n o p q r s t u v w x y z ab ac ae af ag ah ai aj ak\" dir=\"ltr\">Als Produktteam der ]init[ AG b\u00fcndeln wir unser langj\u00e4hriges Know-how in der digitalen Kommunikation mit einer Leidenschaft f\u00fcr kundenorientierte Planungsl\u00f6sungen.<\/span><\/p>\n<\/div>\n<h3><a href=\"\/index.php?page_id=19\">Unsere Unterst\u00fctzung<\/a><\/h3>\n<div>\n<p>Als Team sind wir bestens aufgestellt, Ihnen mit Rat und Tat zur Seite zu stehen.<\/p>\n<p>Gemeinsam analysieren wir Ihre Anforderungen und bestehenden Prozesse und beraten Sie bei der Entscheidung, welche Intraplan-Funktionen f\u00fcr Ihre zuk\u00fcnftige Projektarbeit den n\u00f6tigen Erfolg bringen.<\/p>\n<\/div>\n<ul>\n<li>\n<p>        <img decoding=\"async\" src=\"\/wp-content\/uploads\/2021\/03\/heber_mario_agendo.jpg\" alt=\"\"><\/p>\n<h3>Mario Heber<\/h3>\n<p>Manager<\/p>\n<\/li>\n<li>\n<p>        <img decoding=\"async\" src=\"\/wp-content\/uploads\/2021\/03\/epperlein_lutz_agendo.jpg\" alt=\"\"><\/p>\n<h3>Lutz Epperlein<\/h3>\n<p>Senior Lead Developer<\/p>\n<\/li>\n<li>\n<p>        <img decoding=\"async\" src=\"\/wp-content\/uploads\/2021\/03\/hoffmann_peter_agendo.jpg\" alt=\"\"><\/p>\n<h3>Peter Hoffmann<\/h3>\n<p>Senior Project Manager<\/p>\n<\/li>\n<li>\n<p>        <img decoding=\"async\" src=\"\/wp-content\/uploads\/2022\/11\/elkhamsi_marouane_agendo.jpg\" alt=\"\"><\/p>\n<h3>Marouane El Khamsi<\/h3>\n<p>Professional Developer<\/p>\n<\/li>\n<li>\n<p>        <img decoding=\"async\" src=\"\/wp-content\/uploads\/2021\/03\/NIT5481_V5.jpg\" alt=\"\"><\/p>\n<h3>Ines Wiedemann-Bathke<\/h3>\n<p>Professional Project Manager<\/p>\n<\/li>\n<li>\n<p>        <img decoding=\"async\" src=\"\/wp-content\/uploads\/2021\/03\/Stenhuser_Matthias_quadratisch.jpg\" alt=\"\"><\/p>\n<h3>Matthias Stenh\u00fcser<\/h3>\n<p>Senior Project Manager<\/p>\n<\/li>\n<li>\n<p>        <img decoding=\"async\" src=\"\/wp-content\/uploads\/2025\/10\/siebert_janine-e1759319253183.jpg\" alt=\"Janine Fenzl\"><\/p>\n<h3>Janine Fenzl<\/h3>\n<p>Professional Project Manager<\/p>\n<\/li>\n<\/ul>\n<p><!--more--><br \/>\n<!-- {\"name\":\"\",\"type\":\"layout\",\"children\":[{\"name\":\"Hero\",\"type\":\"section\",\"props\":{\"header_transparent\":\"light\",\"header_transparent_noplaceholder\":true,\"height\":\"full\",\"image_position\":\"center-center\",\"media_background\":\"#111111\",\"media_overlay\":\"rgba(0, 0, 0, 0.7)\",\"padding\":\"xlarge\",\"padding_remove_horizontal\":false,\"style\":\"secondary\",\"title_breakpoint\":\"xl\",\"title_position\":\"top-left\",\"title_rotation\":\"left\",\"vertical_align\":\"middle\",\"video\":\"\",\"video_height\":\"1440\",\"video_width\":\"2560\",\"width\":\"\",\"width_expand\":\"left\"},\"children\":[{\"name\":\"\",\"type\":\"row\",\"children\":[{\"name\":\"\",\"type\":\"column\",\"props\":{\"image\":\"wp-content\\\/uploads\\\/yootheme\\\/home-hero-texture.svg\",\"image_position\":\"center-center\",\"media_overlay_gradient\":\"\",\"position_sticky_breakpoint\":\"m\",\"width_medium\":\"1-1\"},\"children\":[{\"type\":\"headline\",\"props\":{\"animation\":\"parallax\",\"content\":\"\\u00dcber uns und Kontaktaufnahme\",\"margin\":\"small\",\"maxwidth\":\"large\",\"maxwidth_breakpoint\":\"m\",\"parallax_easing\":\"1\",\"text_align\":\"left\",\"text_align_breakpoint\":\"m\",\"text_align_fallback\":\"center\",\"title_decoration\":\"line\",\"title_element\":\"h1\",\"title_style\":\"h6\"}},{\"type\":\"headline\",\"props\":{\"content\":\"Das Team\",\"css\":\".el-element {\\n    margin-left: -4px;\\n}\",\"title_element\":\"h2\",\"title_style\":\"heading-large\"}},{\"type\":\"icon\",\"props\":{\"animation\":\"parallax\",\"icon\":\"arrow-down\",\"icon_width\":\"30\",\"link\":\"#team\",\"margin\":\"default\",\"parallax_easing\":\"0.3\",\"parallax_opacity\":\"1,0\",\"parallax_target\":\"!.uk-section\",\"parallax_y\":\"0,450\",\"text_align\":\"left\",\"text_align_breakpoint\":\"m\",\"text_align_fallback\":\"center\"}}]}],\"props\":{\"column_gap\":\"large\",\"row_gap\":\"large\",\"width\":\"large\"}}]},{\"name\":\"Unsere Leistungen\",\"type\":\"section\",\"props\":{\"id\":\"location\",\"image\":\"\",\"image_effect\":\"parallax\",\"image_parallax_bgx\":\"150,150\",\"image_parallax_bgy\":\"-100,100\",\"image_parallax_easing\":\"1\",\"image_position\":\"center-left\",\"media_visibility\":\"l\",\"padding\":\"xlarge\",\"style\":\"default\",\"title\":\"\",\"title_breakpoint\":\"xl\",\"title_position\":\"top-left\",\"title_rotation\":\"left\",\"vertical_align\":\"middle\",\"width\":\"large\"},\"children\":[{\"name\":\"\",\"type\":\"row\",\"props\":{\"margin\":\"large\"},\"children\":[{\"name\":\"\",\"type\":\"column\",\"props\":{\"image\":\"wp-content\\\/uploads\\\/yootheme\\\/home-about-texture.svg\",\"image_position\":\"center-center\",\"media_overlay_gradient\":\"\",\"position_sticky_breakpoint\":\"m\",\"width_medium\":\"\"},\"children\":[{\"name\":\"\",\"type\":\"headline\",\"props\":{\"animation\":\"parallax\",\"content\":\"Unsere Leistungen\",\"link\":\"index.php?page_id=19\",\"margin_remove_top\":false,\"parallax_breakpoint\":\"m\",\"parallax_easing\":\"1\",\"parallax_end\":\"70vh + 70%\",\"parallax_opacity\":\"0,1\",\"text_align\":\"left\",\"text_align_breakpoint\":\"m\",\"text_align_fallback\":\"center\",\"title_element\":\"h2\",\"title_style\":\"heading-medium\"}}]}]},{\"name\":\"\",\"type\":\"row\",\"children\":[{\"name\":\"\",\"type\":\"column\",\"props\":{\"image_position\":\"center-center\",\"media_overlay_gradient\":\"\",\"position_sticky_breakpoint\":\"m\",\"width_medium\":\"\"},\"children\":[{\"type\":\"grid\",\"props\":{\"content_column_breakpoint\":\"m\",\"filter_align\":\"left\",\"filter_all\":true,\"filter_grid_breakpoint\":\"m\",\"filter_grid_width\":\"auto\",\"filter_position\":\"top\",\"filter_style\":\"tab\",\"grid_default\":\"1\",\"grid_medium\":\"3\",\"icon_width\":80,\"image_align\":\"top\",\"image_grid_breakpoint\":\"m\",\"image_grid_width\":\"1-2\",\"image_svg_color\":\"emphasis\",\"item_animation\":true,\"link_style\":\"default\",\"link_text\":\"Read more\",\"margin\":\"default\",\"meta_align\":\"below-title\",\"meta_element\":\"div\",\"meta_style\":\"text-meta\",\"parallax_easing\":\"1\",\"show_content\":true,\"show_image\":true,\"show_link\":true,\"show_meta\":true,\"show_title\":true,\"title_align\":\"top\",\"title_element\":\"h3\",\"title_grid_breakpoint\":\"m\",\"title_grid_width\":\"1-2\",\"title_hover_style\":\"reset\"},\"children\":[{\"type\":\"grid_item\",\"props\":{\"content\":\"\n\n<p>Berater mit \\u00fcber 15 Jahren Erfahrung in der strategischen und politischen Planung unterst\\u00fctzen Sie dabei, die Akzeptanz Ihrer Strategie- und Ma\\u00dfnahmenplanung in Ihrer Organisation zu steigern.<\\\/p>\",\"title\":\"Beratung\"}},{\"type\":\"grid_item\",\"props\":{\"content\":\"\n\n<p>W\\u00e4hrend des gesamten Prozesses der Konfiguration und Implementierung von Intraplan begleiten wir Sie mit unserem umfangreichen fachlichen und technischen Wissen.<\\\/p>\",\"title\":\"Konfiguration\"}},{\"type\":\"grid_item\",\"props\":{\"content\":\"In enger Abstimmung erfolgt die Fachkonzeption Ihrer Intraplan-Anwendung, basierend auf den funktionalen Anforderungen Ihrer Organisation.\",\"title\":\"Funktionsanpassung\"}},{\"type\":\"grid_item\",\"props\":{\"content\":\"Basierend auf den designtechnischen Anforderungen Ihrer Organisation erfolgt die Anpassung Ihres Designs, zum Beispiel entsprechend Ihres Corporate Designs.\",\"title\":\"Designanpassung\"}},{\"type\":\"grid_item\",\"props\":{\"content\":\"Als Intraplan-Kunde profitieren Sie von regelm\\u00e4\\u00dfigen Updates und Upgrades sowie Sicherheitspatches.\",\"title\":\"Support\"}},{\"type\":\"grid_item\",\"props\":{\"content\":\"\n\n<p><span>]init[<\\\/span> bietet Ihnen f\\u00fcr das Hosting Ihrer Intraplan-Anwendung den Betrieb im BSI-zertifizierten Rechenzentrum an.<\\\/p>\",\"title\":\"Hosting\"}}]}]}]}]},{\"name\":\"Team\",\"type\":\"section\",\"props\":{\"id\":\"team\",\"image\":\"\",\"image_effect\":\"parallax\",\"image_parallax_bgx\":\"150,150\",\"image_parallax_bgy\":\"-100,100\",\"image_parallax_easing\":\"1\",\"image_position\":\"center-left\",\"media_visibility\":\"l\",\"padding\":\"xlarge\",\"style\":\"muted\",\"title\":\"\",\"title_breakpoint\":\"xl\",\"title_position\":\"top-left\",\"title_rotation\":\"left\",\"vertical_align\":\"middle\",\"width\":\"large\"},\"children\":[{\"name\":\"\",\"type\":\"row\",\"props\":{\"column_gap\":\"large\",\"divider\":false,\"layout\":\"1-3,1-3,1-3\",\"margin\":\"xlarge\",\"margin_remove_bottom\":false,\"margin_remove_top\":true,\"row_gap\":\"large\"},\"children\":[{\"name\":\"\",\"type\":\"column\",\"props\":{\"image\":\"\",\"image_position\":\"center-center\",\"media_overlay_gradient\":\"\",\"position_sticky_breakpoint\":\"m\",\"width_medium\":\"1-3\"},\"children\":[{\"name\":\"\",\"type\":\"headline\",\"props\":{\"animation\":\"parallax\",\"content\":\"Das Team\",\"link\":\"index.php?page_id=19\",\"margin_remove_top\":false,\"parallax_breakpoint\":\"m\",\"parallax_easing\":\"1\",\"parallax_end\":\"70vh + 70%\",\"parallax_opacity\":\"0,1\",\"text_align\":\"left\",\"text_align_breakpoint\":\"m\",\"text_align_fallback\":\"center\",\"title_element\":\"h2\",\"title_style\":\"heading-small\"}}]},{\"type\":\"column\",\"props\":{\"image_position\":\"center-center\",\"media_overlay_gradient\":\"\",\"position_sticky_breakpoint\":\"m\",\"width_medium\":\"1-3\"},\"children\":[{\"name\":\"\",\"type\":\"headline\",\"props\":{\"animation\":\"parallax\",\"content\":\"<span class=\\\"ui-provider a b c d e f g h i j k l m n o p q r s t u v w x y z ab ac ae af ag ah ai aj ak\\\" dir=\\\"ltr\\\">Ein starkes Team f\\u00fcr politische Planung<\\\/span>\",\"link\":\"index.php?page_id=19\",\"margin_remove_top\":false,\"parallax_breakpoint\":\"m\",\"parallax_easing\":\"1\",\"parallax_end\":\"70vh + 70%\",\"parallax_opacity\":\"0,1\",\"text_align\":\"left\",\"text_align_breakpoint\":\"m\",\"text_align_fallback\":\"center\",\"title_element\":\"h3\",\"title_style\":\"h6\"}},{\"type\":\"text\",\"props\":{\"column_breakpoint\":\"m\",\"content\":\"\n\n<p><span class=\\\"ui-provider a b c d e f g h i j k l m n o p q r s t u v w x y z ab ac ae af ag ah ai aj ak\\\" dir=\\\"ltr\\\">Das interdisziplin\\u00e4re Team treibt die politische und strategische Planung in Institutionen und Organisationen mit der spezialisierten Software Intraplan voran.<\\\/span><\\\/p>\\n\n\n<p><span class=\\\"ui-provider a b c d e f g h i j k l m n o p q r s t u v w x y z ab ac ae af ag ah ai aj ak\\\" dir=\\\"ltr\\\">Als Produktteam der ]init[ AG b\\u00fcndeln wir unser langj\\u00e4hriges Know-how in der digitalen Kommunikation mit einer Leidenschaft f\\u00fcr kundenorientierte Planungsl\\u00f6sungen.<\\\/span><\\\/p>\",\"margin\":\"default\"}}]},{\"type\":\"column\",\"props\":{\"image_position\":\"center-center\",\"media_overlay_gradient\":\"\",\"position_sticky_breakpoint\":\"m\",\"width_medium\":\"1-3\"},\"children\":[{\"name\":\"\",\"type\":\"headline\",\"props\":{\"animation\":\"parallax\",\"content\":\"Unsere Unterst\\u00fctzung\",\"link\":\"index.php?page_id=19\",\"margin_remove_top\":false,\"parallax_breakpoint\":\"m\",\"parallax_easing\":\"1\",\"parallax_end\":\"70vh + 70%\",\"parallax_opacity\":\"0,1\",\"text_align\":\"left\",\"text_align_breakpoint\":\"m\",\"text_align_fallback\":\"center\",\"title_element\":\"h3\",\"title_style\":\"h6\"}},{\"type\":\"text\",\"props\":{\"column_breakpoint\":\"m\",\"content\":\"\n\n<p>Als Team sind wir bestens aufgestellt, Ihnen mit Rat und Tat zur Seite zu stehen.<\\\/p>\\n\n\n<p>Gemeinsam analysieren wir Ihre Anforderungen und bestehenden Prozesse und beraten Sie bei der Entscheidung, welche Intraplan-Funktionen f\\u00fcr Ihre zuk\\u00fcnftige Projektarbeit den n\\u00f6tigen Erfolg bringen.<\\\/p>\",\"margin\":\"default\"}}]}]},{\"name\":\"\",\"type\":\"row\",\"children\":[{\"name\":\"\",\"type\":\"column\",\"props\":{\"image_position\":\"center-center\",\"media_overlay_gradient\":\"\",\"position_sticky_breakpoint\":\"m\",\"width_medium\":\"1-3\"},\"children\":[]},{\"type\":\"column\",\"props\":{\"image_position\":\"center-center\",\"media_overlay_gradient\":\"\",\"position_sticky_breakpoint\":\"m\",\"width_medium\":\"2-3\"},\"children\":[{\"type\":\"grid\",\"props\":{\"content_column_breakpoint\":\"m\",\"filter\":false,\"filter_align\":\"left\",\"filter_all\":true,\"filter_grid_breakpoint\":\"m\",\"filter_grid_width\":\"auto\",\"filter_position\":\"top\",\"filter_style\":\"tab\",\"grid_column_align\":true,\"grid_column_gap\":\"large\",\"grid_default\":\"2\",\"grid_divider\":false,\"grid_masonry\":false,\"grid_medium\":\"4\",\"grid_parallax\":\"0\",\"grid_row_align\":false,\"grid_row_gap\":\"large\",\"grid_small\":\"3\",\"icon_width\":80,\"image_align\":\"top\",\"image_grid_breakpoint\":\"m\",\"image_grid_width\":\"1-2\",\"image_svg_color\":\"emphasis\",\"item_animation\":true,\"lightbox\":false,\"link_style\":\"default\",\"link_text\":\"Read more\",\"margin\":\"default\",\"meta_align\":\"below-title\",\"meta_element\":\"div\",\"meta_margin\":\"small\",\"meta_style\":\"h6\",\"parallax_easing\":\"1\",\"show_content\":true,\"show_image\":true,\"show_link\":true,\"show_meta\":true,\"show_title\":true,\"title_align\":\"top\",\"title_decoration\":\"divider\",\"title_element\":\"h3\",\"title_grid_breakpoint\":\"m\",\"title_grid_width\":\"1-2\",\"title_hover_style\":\"reset\",\"title_link\":false,\"title_style\":\"h5\"},\"children\":[{\"type\":\"grid_item\",\"props\":{\"image\":\"wp-content\\\/uploads\\\/2021\\\/03\\\/heber_mario_agendo.jpg\",\"meta\":\"Manager\",\"title\":\"Mario Heber\"}},{\"type\":\"grid_item\",\"props\":{\"image\":\"wp-content\\\/uploads\\\/2021\\\/03\\\/epperlein_lutz_agendo.jpg\",\"meta\":\"Senior Lead Developer\",\"title\":\"Lutz Epperlein\"}},{\"type\":\"grid_item\",\"props\":{\"image\":\"wp-content\\\/uploads\\\/2021\\\/03\\\/hoffmann_peter_agendo.jpg\",\"meta\":\"Senior Project Manager\",\"title\":\"Peter Hoffmann\"}},{\"type\":\"grid_item\",\"props\":{\"image\":\"wp-content\\\/uploads\\\/2022\\\/11\\\/elkhamsi_marouane_agendo.jpg\",\"meta\":\"Professional Developer\",\"title\":\"Marouane El Khamsi\"}},{\"type\":\"grid_item\",\"props\":{\"image\":\"wp-content\\\/uploads\\\/2021\\\/03\\\/NIT5481_V5.jpg\",\"meta\":\"Professional Project Manager\",\"title\":\"Ines Wiedemann-Bathke\"}},{\"type\":\"grid_item\",\"props\":{\"image\":\"wp-content\\\/uploads\\\/2021\\\/03\\\/Stenhuser_Matthias_quadratisch.jpg\",\"meta\":\"Senior Project Manager\",\"title\":\"Matthias Stenh\\u00fcser\"}},{\"type\":\"grid_item\",\"props\":{\"image\":\"wp-content\\\/uploads\\\/2025\\\/10\\\/siebert_janine-e1759319253183.jpg\",\"image_alt\":\"Janine Fenzl\",\"meta\":\"Professional Project Manager\",\"title\":\"Janine Fenzl\"}}]}]}],\"props\":{\"layout\":\"1-3,2-3\"}}]}],\"version\":\"3.0.25\"} --><\/p>\n","protected":false},"excerpt":{"rendered":"<p>\u00dcber uns und Kontaktaufnahme Das Team [arrow-down] Unsere Leistungen Beratung Berater mit \u00fcber 15 Jahren Erfahrung in der strategischen und politischen Planung unterst\u00fctzen Sie dabei, die Akzeptanz Ihrer Strategie- und Ma\u00dfnahmenplanung in Ihrer Organisation zu steigern. Konfiguration W\u00e4hrend des gesamten Prozesses der Konfiguration und Implementierung von Intraplan begleiten wir Sie mit unserem umfangreichen fachlichen und [&hellip;]<\/p>\n","protected":false},"author":1,"featured_media":0,"parent":0,"menu_order":2,"comment_status":"open","ping_status":"closed","template":"","meta":{"_acf_changed":false,"footnotes":""},"class_list":["post-19","page","type-page","status-publish","hentry"],"acf":[],"jetpack_sharing_enabled":true,"_links":{"self":[{"href":"https:\/\/intraplan.digital\/index.php\/wp-json\/wp\/v2\/pages\/19","targetHints":{"allow":["GET"]}}],"collection":[{"href":"https:\/\/intraplan.digital\/index.php\/wp-json\/wp\/v2\/pages"}],"about":[{"href":"https:\/\/intraplan.digital\/index.php\/wp-json\/wp\/v2\/types\/page"}],"author":[{"embeddable":true,"href":"https:\/\/intraplan.digital\/index.php\/wp-json\/wp\/v2\/users\/1"}],"replies":[{"embeddable":true,"href":"https:\/\/intraplan.digital\/index.php\/wp-json\/wp\/v2\/comments?post=19"}],"version-history":[{"count":72,"href":"https:\/\/intraplan.digital\/index.php\/wp-json\/wp\/v2\/pages\/19\/revisions"}],"predecessor-version":[{"id":2007,"href":"https:\/\/intraplan.digital\/index.php\/wp-json\/wp\/v2\/pages\/19\/revisions\/2007"}],"wp:attachment":[{"href":"https:\/\/intraplan.digital\/index.php\/wp-json\/wp\/v2\/media?parent=19"}],"curies":[{"name":"wp","href":"https:\/\/api.w.org\/{rel}","templated":true}]}}